{"id":528,"date":"2021-04-25T12:40:46","date_gmt":"2021-04-25T10:40:46","guid":{"rendered":"https:\/\/naturel.enroutepourleweb.com\/?page_id=528"},"modified":"2021-04-25T18:52:22","modified_gmt":"2021-04-25T16:52:22","slug":"visite-virtuelle","status":"publish","type":"page","link":"https:\/\/naturel.enroutepourleweb.com\/index.php\/visite-virtuelle\/","title":{"rendered":"Visite Virtuelle"},"content":{"rendered":"<p>[et_pb_section fb_built=\u00a0\u00bb1&Prime; _builder_version=\u00a0\u00bb4.9.4&Prime; _module_preset=\u00a0\u00bbdefault\u00a0\u00bb][et_pb_row _builder_version=\u00a0\u00bb4.9.4&Prime; _module_preset=\u00a0\u00bbdefault\u00a0\u00bb][et_pb_column type=\u00a0\u00bb4_4&Prime; _builder_version=\u00a0\u00bb4.9.4&Prime; _module_preset=\u00a0\u00bbdefault\u00a0\u00bb][et_pb_post_title meta=\u00a0\u00bboff\u00a0\u00bb date_format=\u00a0\u00bbM Y\u00a0\u00bb featured_image=\u00a0\u00bboff\u00a0\u00bb _builder_version=\u00a0\u00bb4.9.4&Prime; _module_preset=\u00a0\u00bbdefault\u00a0\u00bb][\/et_pb_post_title][et_pb_text _builder_version=\u00a0\u00bb4.9.4&Prime; _module_preset=\u00a0\u00bbdefault\u00a0\u00bb]<\/p>\n<p>Un tour de jardin au printemps.\u00a0 Les fleurs donnent des touches de couleurs par ci par la. Cot\u00e9 potager, cela se pr\u00e9pare pour recevoir les semis de f\u00e9vrier et mars.<\/p>\n<p>[\/et_pb_text][et_pb_video _builder_version=\u00a0\u00bb4.9.4&Prime; _module_preset=\u00a0\u00bbdefault\u00a0\u00bb hover_enabled=\u00a0\u00bb0&Prime; border_width_all=\u00a0\u00bb6px\u00a0\u00bb src=\u00a0\u00bbhttps:\/\/www.youtube.com\/watch?v=JUAFG-podOg\u00a0\u00bb sticky_enabled=\u00a0\u00bb0&Prime;][\/et_pb_video][\/et_pb_column][\/et_pb_row][\/et_pb_section]<\/p>\n","protected":false},"excerpt":{"rendered":"<p>[et_pb_section fb_built=\u00a0\u00bb1&Prime; _builder_version=\u00a0\u00bb4.9.4&Prime; _module_preset=\u00a0\u00bbdefault\u00a0\u00bb][et_pb_row _builder_version=\u00a0\u00bb4.9.4&Prime; _module_preset=\u00a0\u00bbdefault\u00a0\u00bb][et_pb_column type=\u00a0\u00bb4_4&Prime; _builder_version=\u00a0\u00bb4.9.4&Prime; _module_preset=\u00a0\u00bbdefault\u00a0\u00bb][et_pb_post_title meta=\u00a0\u00bboff\u00a0\u00bb date_format=\u00a0\u00bbM Y\u00a0\u00bb featured_image=\u00a0\u00bboff\u00a0\u00bb _builder_version=\u00a0\u00bb4.9.4&Prime; _module_preset=\u00a0\u00bbdefault\u00a0\u00bb][\/et_pb_post_title][et_pb_text _builder_version=\u00a0\u00bb4.9.4&Prime; _module_preset=\u00a0\u00bbdefault\u00a0\u00bb] Un tour de jardin au printemps.\u00a0 Les fleurs donnent des touches de couleurs par ci par la. Cot\u00e9 potager, cela se pr\u00e9pare pour recevoir les semis de f\u00e9vrier et mars. [\/et_pb_text][et_pb_video _builder_version=\u00a0\u00bb4.9.4&Prime; _module_preset=\u00a0\u00bbdefault\u00a0\u00bb hover_enabled=\u00a0\u00bb0&Prime; border_width_all=\u00a0\u00bb6px\u00a0\u00bb src=\u00a0\u00bbhttps:\/\/www.youtube.com\/watch?v=JUAFG-podOg\u00a0\u00bb sticky_enabled=\u00a0\u00bb0&Prime;][\/et_pb_video][\/et_pb_column][\/et_pb_row][\/et_pb_section]<\/p>\n","protected":false},"author":1,"featured_media":0,"parent":0,"menu_order":0,"comment_status":"closed","ping_status":"closed","template":"","meta":{"_et_pb_use_builder":"on","_et_pb_old_content":"","_et_gb_content_width":""},"yoast_head":"<!-- This site is optimized with the Yoast SEO plugin v18.4.1 - https:\/\/yoast.com\/wordpress\/plugins\/seo\/ -->\n<title>Visite Virtuelle - Naturel<\/title>\n<meta name=\"robots\" content=\"index, follow, max-snippet:-1, max-image-preview:large, max-video-preview:-1\" \/>\n<link rel=\"canonical\" href=\"https:\/\/naturel.enroutepourleweb.com\/index.php\/visite-virtuelle\/\" \/>\n<meta property=\"og:locale\" content=\"fr_FR\" \/>\n<meta property=\"og:type\" content=\"article\" \/>\n<meta property=\"og:title\" content=\"Visite Virtuelle - Naturel\" \/>\n<meta property=\"og:description\" content=\"[et_pb_section fb_built=\u00a0\u00bb1&Prime; _builder_version=\u00a0\u00bb4.9.4&Prime; _module_preset=\u00a0\u00bbdefault\u00a0\u00bb][et_pb_row _builder_version=\u00a0\u00bb4.9.4&Prime; _module_preset=\u00a0\u00bbdefault\u00a0\u00bb][et_pb_column type=\u00a0\u00bb4_4&Prime; _builder_version=\u00a0\u00bb4.9.4&Prime; _module_preset=\u00a0\u00bbdefault\u00a0\u00bb][et_pb_post_title meta=\u00a0\u00bboff\u00a0\u00bb date_format=\u00a0\u00bbM Y\u00a0\u00bb featured_image=\u00a0\u00bboff\u00a0\u00bb _builder_version=\u00a0\u00bb4.9.4&Prime; _module_preset=\u00a0\u00bbdefault\u00a0\u00bb][\/et_pb_post_title][et_pb_text _builder_version=\u00a0\u00bb4.9.4&Prime; _module_preset=\u00a0\u00bbdefault\u00a0\u00bb] Un tour de jardin au printemps.\u00a0 Les fleurs donnent des touches de couleurs par ci par la. Cot\u00e9 potager, cela se pr\u00e9pare pour recevoir les semis de f\u00e9vrier et mars. [\/et_pb_text][et_pb_video _builder_version=\u00a0\u00bb4.9.4&Prime; _module_preset=\u00a0\u00bbdefault\u00a0\u00bb hover_enabled=\u00a0\u00bb0&Prime; border_width_all=\u00a0\u00bb6px\u00a0\u00bb src=\u00a0\u00bbhttps:\/\/www.youtube.com\/watch?v=JUAFG-podOg\u00a0\u00bb sticky_enabled=\u00a0\u00bb0&Prime;][\/et_pb_video][\/et_pb_column][\/et_pb_row][\/et_pb_section]\" \/>\n<meta property=\"og:url\" content=\"https:\/\/naturel.enroutepourleweb.com\/index.php\/visite-virtuelle\/\" \/>\n<meta property=\"og:site_name\" content=\"Naturel\" \/>\n<meta property=\"article:modified_time\" content=\"2021-04-25T16:52:22+00:00\" \/>\n<meta name=\"twitter:card\" content=\"summary_large_image\" \/>\n<meta name=\"twitter:label1\" content=\"Dur\u00e9e de lecture estim\u00e9e\" \/>\n\t<meta name=\"twitter:data1\" content=\"1 minute\" \/>\n<script type=\"application\/ld+json\" class=\"yoast-schema-graph\">{\"@context\":\"https:\/\/schema.org\",\"@graph\":[{\"@type\":\"WebSite\",\"@id\":\"https:\/\/naturel.enroutepourleweb.com\/#website\",\"url\":\"https:\/\/naturel.enroutepourleweb.com\/\",\"name\":\"Naturel\",\"description\":\"Chassez le Naturel, il revient au galop\",\"potentialAction\":[{\"@type\":\"SearchAction\",\"target\":{\"@type\":\"EntryPoint\",\"urlTemplate\":\"https:\/\/naturel.enroutepourleweb.com\/?s={search_term_string}\"},\"query-input\":\"required name=search_term_string\"}],\"inLanguage\":\"fr-FR\"},{\"@type\":\"WebPage\",\"@id\":\"https:\/\/naturel.enroutepourleweb.com\/index.php\/visite-virtuelle\/#webpage\",\"url\":\"https:\/\/naturel.enroutepourleweb.com\/index.php\/visite-virtuelle\/\",\"name\":\"Visite Virtuelle - Naturel\",\"isPartOf\":{\"@id\":\"https:\/\/naturel.enroutepourleweb.com\/#website\"},\"datePublished\":\"2021-04-25T10:40:46+00:00\",\"dateModified\":\"2021-04-25T16:52:22+00:00\",\"breadcrumb\":{\"@id\":\"https:\/\/naturel.enroutepourleweb.com\/index.php\/visite-virtuelle\/#breadcrumb\"},\"inLanguage\":\"fr-FR\",\"potentialAction\":[{\"@type\":\"ReadAction\",\"target\":[\"https:\/\/naturel.enroutepourleweb.com\/index.php\/visite-virtuelle\/\"]}]},{\"@type\":\"BreadcrumbList\",\"@id\":\"https:\/\/naturel.enroutepourleweb.com\/index.php\/visite-virtuelle\/#breadcrumb\",\"itemListElement\":[{\"@type\":\"ListItem\",\"position\":1,\"name\":\"Accueil\",\"item\":\"https:\/\/naturel.enroutepourleweb.com\/\"},{\"@type\":\"ListItem\",\"position\":2,\"name\":\"Visite Virtuelle\"}]}]}<\/script>\n<!-- \/ Yoast SEO plugin. -->","yoast_head_json":{"title":"Visite Virtuelle - Naturel","robots":{"index":"index","follow":"follow","max-snippet":"max-snippet:-1","max-image-preview":"max-image-preview:large","max-video-preview":"max-video-preview:-1"},"canonical":"https:\/\/naturel.enroutepourleweb.com\/index.php\/visite-virtuelle\/","og_locale":"fr_FR","og_type":"article","og_title":"Visite Virtuelle - Naturel","og_description":"[et_pb_section fb_built=\u00a0\u00bb1&Prime; _builder_version=\u00a0\u00bb4.9.4&Prime; _module_preset=\u00a0\u00bbdefault\u00a0\u00bb][et_pb_row _builder_version=\u00a0\u00bb4.9.4&Prime; _module_preset=\u00a0\u00bbdefault\u00a0\u00bb][et_pb_column type=\u00a0\u00bb4_4&Prime; _builder_version=\u00a0\u00bb4.9.4&Prime; _module_preset=\u00a0\u00bbdefault\u00a0\u00bb][et_pb_post_title meta=\u00a0\u00bboff\u00a0\u00bb date_format=\u00a0\u00bbM Y\u00a0\u00bb featured_image=\u00a0\u00bboff\u00a0\u00bb _builder_version=\u00a0\u00bb4.9.4&Prime; _module_preset=\u00a0\u00bbdefault\u00a0\u00bb][\/et_pb_post_title][et_pb_text _builder_version=\u00a0\u00bb4.9.4&Prime; _module_preset=\u00a0\u00bbdefault\u00a0\u00bb] Un tour de jardin au printemps.\u00a0 Les fleurs donnent des touches de couleurs par ci par la. Cot\u00e9 potager, cela se pr\u00e9pare pour recevoir les semis de f\u00e9vrier et mars. [\/et_pb_text][et_pb_video _builder_version=\u00a0\u00bb4.9.4&Prime; _module_preset=\u00a0\u00bbdefault\u00a0\u00bb hover_enabled=\u00a0\u00bb0&Prime; border_width_all=\u00a0\u00bb6px\u00a0\u00bb src=\u00a0\u00bbhttps:\/\/www.youtube.com\/watch?v=JUAFG-podOg\u00a0\u00bb sticky_enabled=\u00a0\u00bb0&Prime;][\/et_pb_video][\/et_pb_column][\/et_pb_row][\/et_pb_section]","og_url":"https:\/\/naturel.enroutepourleweb.com\/index.php\/visite-virtuelle\/","og_site_name":"Naturel","article_modified_time":"2021-04-25T16:52:22+00:00","twitter_card":"summary_large_image","twitter_misc":{"Dur\u00e9e de lecture estim\u00e9e":"1 minute"},"schema":{"@context":"https:\/\/schema.org","@graph":[{"@type":"WebSite","@id":"https:\/\/naturel.enroutepourleweb.com\/#website","url":"https:\/\/naturel.enroutepourleweb.com\/","name":"Naturel","description":"Chassez le Naturel, il revient au galop","potentialAction":[{"@type":"SearchAction","target":{"@type":"EntryPoint","urlTemplate":"https:\/\/naturel.enroutepourleweb.com\/?s={search_term_string}"},"query-input":"required name=search_term_string"}],"inLanguage":"fr-FR"},{"@type":"WebPage","@id":"https:\/\/naturel.enroutepourleweb.com\/index.php\/visite-virtuelle\/#webpage","url":"https:\/\/naturel.enroutepourleweb.com\/index.php\/visite-virtuelle\/","name":"Visite Virtuelle - Naturel","isPartOf":{"@id":"https:\/\/naturel.enroutepourleweb.com\/#website"},"datePublished":"2021-04-25T10:40:46+00:00","dateModified":"2021-04-25T16:52:22+00:00","breadcrumb":{"@id":"https:\/\/naturel.enroutepourleweb.com\/index.php\/visite-virtuelle\/#breadcrumb"},"inLanguage":"fr-FR","potentialAction":[{"@type":"ReadAction","target":["https:\/\/naturel.enroutepourleweb.com\/index.php\/visite-virtuelle\/"]}]},{"@type":"BreadcrumbList","@id":"https:\/\/naturel.enroutepourleweb.com\/index.php\/visite-virtuelle\/#breadcrumb","itemListElement":[{"@type":"ListItem","position":1,"name":"Accueil","item":"https:\/\/naturel.enroutepourleweb.com\/"},{"@type":"ListItem","position":2,"name":"Visite Virtuelle"}]}]}},"_links":{"self":[{"href":"https:\/\/naturel.enroutepourleweb.com\/index.php\/wp-json\/wp\/v2\/pages\/528"}],"collection":[{"href":"https:\/\/naturel.enroutepourleweb.com\/index.php\/wp-json\/wp\/v2\/pages"}],"about":[{"href":"https:\/\/naturel.enroutepourleweb.com\/index.php\/wp-json\/wp\/v2\/types\/page"}],"author":[{"embeddable":true,"href":"https:\/\/naturel.enroutepourleweb.com\/index.php\/wp-json\/wp\/v2\/users\/1"}],"replies":[{"embeddable":true,"href":"https:\/\/naturel.enroutepourleweb.com\/index.php\/wp-json\/wp\/v2\/comments?post=528"}],"version-history":[{"count":6,"href":"https:\/\/naturel.enroutepourleweb.com\/index.php\/wp-json\/wp\/v2\/pages\/528\/revisions"}],"predecessor-version":[{"id":542,"href":"https:\/\/naturel.enroutepourleweb.com\/index.php\/wp-json\/wp\/v2\/pages\/528\/revisions\/542"}],"wp:attachment":[{"href":"https:\/\/naturel.enroutepourleweb.com\/index.php\/wp-json\/wp\/v2\/media?parent=528"}],"curies":[{"name":"wp","href":"https:\/\/api.w.org\/{rel}","templated":true}]}}